{"id":11,"date":"2019-10-30T09:37:12","date_gmt":"2019-10-30T08:37:12","guid":{"rendered":"http:\/\/igr.preprod.e-declic.net\/?page_id=11"},"modified":"2020-06-23T17:09:19","modified_gmt":"2020-06-23T15:09:19","slug":"mentions-legales","status":"publish","type":"page","link":"https:\/\/www.igr.univ-rennes.fr\/fr\/mentions-legales\/","title":{"rendered":"Mentions L\u00e9gales"},"content":{"rendered":"\t\t<div data-elementor-type=\"wp-page\" data-elementor-id=\"11\" class=\"elementor elementor-11\">\n\t\t\t\t\t\t\t\t\t<section class=\"elementor-section elementor-top-section elementor-element elementor-element-d0e85df elementor-section-boxed elementor-section-height-default elementor-section-height-default\" data-id=\"d0e85df\" data-element_type=\"section\">\n\t\t\t\t\t\t<div class=\"elementor-container elementor-column-gap-default\">\n\t\t\t\t\t<div class=\"elementor-column elementor-col-100 elementor-top-column elementor-element elementor-element-8f80d55\" data-id=\"8f80d55\" data-element_type=\"column\">\n\t\t\t<div class=\"elementor-widget-wrap elementor-element-populated\">\n\t\t\t\t\t\t\t\t<div class=\"elementor-element elementor-element-31659cd elementor-widget elementor-widget-breadcrumbs\" data-id=\"31659cd\" data-element_type=\"widget\" data-widget_type=\"breadcrumbs.default\">\n\t\t\t\t<div class=\"elementor-widget-container\">\n\t\t\t<p id=\"breadcrumbs\"><span><span><a href=\"https:\/\/www.igr.univ-rennes.fr\/fr\/\">Accueil<\/a><\/span><\/span><\/p>\t\t<\/div>\n\t\t\t\t<\/div>\n\t\t\t\t\t<\/div>\n\t\t<\/div>\n\t\t\t\t\t\t\t<\/div>\n\t\t<\/section>\n\t\t\t\t<section class=\"elementor-section elementor-top-section elementor-element elementor-element-4cdd55a elementor-section-boxed elementor-section-height-default elementor-section-height-default\" data-id=\"4cdd55a\" data-element_type=\"section\" data-settings=\"{&quot;background_background&quot;:&quot;classic&quot;}\">\n\t\t\t\t\t\t<div class=\"elementor-container elementor-column-gap-default\">\n\t\t\t\t\t<div class=\"elementor-column elementor-col-100 elementor-top-column elementor-element elementor-element-3683ad1\" data-id=\"3683ad1\" data-element_type=\"column\">\n\t\t\t<div class=\"elementor-widget-wrap elementor-element-populated\">\n\t\t\t\t\t\t\t\t\t<\/div>\n\t\t<\/div>\n\t\t\t\t\t\t\t<\/div>\n\t\t<\/section>\n\t\t\t\t<section class=\"elementor-section elementor-top-section elementor-element elementor-element-522f35d elementor-section-boxed elementor-section-height-default elementor-section-height-default\" data-id=\"522f35d\" data-element_type=\"section\">\n\t\t\t\t\t\t<div class=\"elementor-container elementor-column-gap-default\">\n\t\t\t\t\t<div class=\"elementor-column elementor-col-100 elementor-top-column elementor-element elementor-element-35554bd\" data-id=\"35554bd\" data-element_type=\"column\">\n\t\t\t<div class=\"elementor-widget-wrap elementor-element-populated\">\n\t\t\t\t\t\t\t\t<div class=\"elementor-element elementor-element-ab515d9 elementor-widget elementor-widget-text-editor\" data-id=\"ab515d9\" data-element_type=\"widget\" data-widget_type=\"text-editor.default\">\n\t\t\t\t<div class=\"elementor-widget-container\">\n\t\t\t\t\t\t\t<h3>Visas<\/h3><ul><li>Loi n\u00b0 78-17 du 6 janvier 1978 modifi\u00e9e relative \u00e0 l&rsquo;informatique, aux fichiers et aux libert\u00e9s<\/li><li>Loi n\u00b02004-575 du 21 juin 2004 pour la confiance dans l&rsquo;\u00e9conomie num\u00e9rique<\/li><\/ul><h3>\u00c9diteur\/h\u00e9bergeur<\/h3><p>La directrice de la publication est Gw\u00e9na\u00eblle POILPOT-ROCABOY, directrice\u00a0g\u00e9n\u00e9rale de l&rsquo;IGR-IAE de Rennes.<\/p><p>Le responsable de la r\u00e9daction est Emma LEBAUT, s<span class=\"bold\">ervice communication de l&rsquo;IGR-IAE de Rennes<\/span>\u00a0(11 rue Jean Mac\u00e9 &#8211; CS 70803 &#8211; 35708 Rennes Cedex 7)<br \/><strong>T\u00e9l\u00e9phone :<\/strong>\u00a002 23 23 53 57<br \/><strong>Courriel :<\/strong>\u00a0&#x65;&#109;m&#x61;&#46;&#x6c;&#101;b&#x61;&#117;&#x74;&#64;u&#x6e;&#105;&#x76;&#x2d;r&#x65;&#110;n&#x65;&#115;&#x31;&#46;f&#x72;<\/p><p>L&rsquo;h\u00e9bergement est assur\u00e9 par l&rsquo;Universit\u00e9 de Rennes 1, dont le si\u00e8ge est\u00a0:<br \/><span class=\"bold\">Universit\u00e9 de Rennes 1<\/span><br \/>2, rue du Thabor &#8211; CS 46510<br \/>35065 RENNES Cedex<\/p><p>Solution technique :\u00a0<span class=\"external\"><acronym title=\"Content Management System\">CMS WORDPRESS<\/acronym><\/span><\/p><p><span class=\"external\">Web-design, int\u00e9gration et mise en oeuvre :\u00a0<a title=\"Agence web bretagne\" href=\"http:\/\/www.e-declic.com\/\">e-declic.com<\/a><\/span><\/p><h3>Cr\u00e9dits photographiques<\/h3><p align=\"justify\">Cr\u00e9dits photographiques\u00a0: sauf mention contraire, les photographies pr\u00e9sentes sur le pr\u00e9sent site sont la propri\u00e9t\u00e9 de l&rsquo;IGR-IAE de Rennes.<\/p><h3>Conditions g\u00e9n\u00e9rales d&rsquo;utilisation<\/h3><p align=\"justify\">L&rsquo;utilisateur reconna\u00eet avoir pris connaissance de la pr\u00e9sente notice l\u00e9gale et s&rsquo;engage \u00e0 la respecter. Il reconna\u00eet avoir v\u00e9rifi\u00e9 que la configuration informatique qu&rsquo;il utilise ne contient aucun virus ou tout autre \u00ab\u00a0logiciel malintentionn\u00e9\u00a0\u00bb et qu&rsquo;elle est en parfait \u00e9tat de fonctionnement. L&rsquo;utilisateur est seul responsable du choix, de l&rsquo;utilisation et de l&rsquo;interpr\u00e9tation des donn\u00e9es qu&rsquo;il consulte, interroge et transf\u00e8re sur l&rsquo;Internet. Le propri\u00e9taire du site web met tout en oeuvre pour offrir aux utilisateurs des informations et\/ou des outils disponibles et v\u00e9rifi\u00e9(e)s mais ne saurait \u00eatre tenu pour responsable des erreurs, d&rsquo;une absence de disponibilit\u00e9 des informations et\/ou de la pr\u00e9sence de virus ou de \u00ab\u00a0logiciels malintentionn\u00e9s\u00a0\u00bb\u00a0 sur son site.<\/p><h3>Informatique, fichiers et libert\u00e9<\/h3><p align=\"justify\">En conformit\u00e9 avec les dispositions de la loi n\u00b0 78-17 du 6 janvier 1978 modifi\u00e9e relative \u00e0 l&rsquo;informatique, aux fichiers et aux libert\u00e9s, les traitements automatis\u00e9s de donn\u00e9es nominatives r\u00e9alis\u00e9s \u00e0 partir du pr\u00e9sent site web ont fait l&rsquo;objet d&rsquo;une d\u00e9claration dans le registre \u00ab Informatique et libert\u00e9s \u00bb de\u00a0l&rsquo;IGR-IAE de Rennes.<\/p><p align=\"justify\">L&rsquo;utilisateur est notamment inform\u00e9 que, conform\u00e9ment aux termes de la loi n\u00b0 78-17, il dispose d&rsquo;un droit d&rsquo;acc\u00e8s, de rectification et de suppression portant sur les donn\u00e9es personnelles le concernant en \u00e9crivant \u00e0 l&rsquo;adresse ci-dessus du responsable de la r\u00e9daction.<\/p><h3>Propri\u00e9t\u00e9 intellectuelle, droit de reproduction, liens<\/h3><p align=\"justify\">La structure g\u00e9n\u00e9rale ainsi que les logiciels, textes, images anim\u00e9es ou non, sons, savoir-faire,&#8230; et tous les autres \u00e9l\u00e9ments composant le site sont la propri\u00e9t\u00e9 exclusive de l&rsquo;IGR-IAE de Rennes ou bien sont r\u00e9guli\u00e8rement exploit\u00e9s sous licence. L&rsquo;ensemble de ce site rel\u00e8ve de la l\u00e9gislation fran\u00e7aise et internationale sur le droit d&rsquo;auteur et la propri\u00e9t\u00e9 intellectuelle. Tous les droits de reproduction sont r\u00e9serv\u00e9s, y compris pour les documents t\u00e9l\u00e9chargeables et les repr\u00e9sentations iconographiques ou photographiques.<\/p><p align=\"justify\">Toute reproduction \u00e9lectronique totale ou partielle de ce site sans l&rsquo;autorisation expresse de\u00a0l&rsquo;IGR-IAE de Rennes est interdite et constituerait une contrefa\u00e7on sanctionn\u00e9e par les articles L\u00a0335-2 et suivants du Code de la Propri\u00e9t\u00e9 Intellectuelle (CPI), sauf mention expresse du contraire.<\/p><p align=\"justify\">La reproduction sur support papier des pages de ce site est autoris\u00e9e sauf mention explicite du contraire, sous r\u00e9serve du respect des conditions suivantes\u00a0:<\/p><ul><li>respect de l&rsquo;int\u00e9grit\u00e9 des documents reproduits<\/li><li>citation explicite de l&rsquo;origine\u00a0: http:\/\/www.www.igr.univ-rennes.fr et mention que les droits de reproduction sont r\u00e9serv\u00e9s et limit\u00e9s<\/li><li>gratuit\u00e9 de la diffusion<\/li><\/ul><p align=\"justify\">Les bases de donn\u00e9es figurant sur le pr\u00e9sent site sont prot\u00e9g\u00e9es par les dispositions de la loi du 1 er juillet 1998 portant transposition dans le CPI de la directive du 11 mars 1996 relative \u00e0 la protection juridique des bases de donn\u00e9es.<\/p><p>Il est possible de cr\u00e9er un lien vers la page d\u2019accueil du Site, sous r\u00e9serve qu\u2019il ne soit pas utilis\u00e9 \u00e0 des fins commerciales ou publicitaires et de la mention expresse au Site sur le lien ou \u00e0 proximit\u00e9 de celui-ci. Cette autorisation ne s\u2019applique pas aux sites internet diffusant des informations \u00e0 caract\u00e8re illicite.<\/p><p>En tout \u00e9tat de cause, le webmestre qui cr\u00e9erait un lien hypertexte s\u2019engage \u00e0 ne pas utiliser la technique du lien profond dit \u00ab\u00a0deep linking\u00a0\u00bb. Il s\u2019agit notamment des liens vers des documents graphiques, multim\u00e9dia ou anim\u00e9s (format jpeg, gif, etc.) et tout autre document texte (format txt, doc, rtf, pdf, etc.), que ceux-ci soient t\u00e9l\u00e9chargeables ou non.<\/p><p>Tout utilisation d\u2019\u00e9l\u00e9ments du Site \u00e0 l\u2019int\u00e9rieur d\u2019un autre site par le biais d\u2019inclusions, de cadres, d\u2019inlining ou de proc\u00e9d\u00e9s similaires est interdite.<\/p><p>Pour toute demande concernant un lien hypertexte, contactez le responsable de la r\u00e9daction \u00e0 l\u2019adresse mentionn\u00e9e ci- dessus, en pr\u00e9cisant l\u2019adresse de la page o\u00f9 figurera le lien sur le site tiers.<\/p><h3>Proc\u00e9dure de notification<\/h3><p align=\"justify\">L&rsquo;utilisateur qui constaterait des inexactitudes, des informations erron\u00e9es ou des informations de caract\u00e8re manifestement illicite, est tenu d&rsquo;en informer le responsable de la publication afin que celui-ci y mette fin.<\/p><h3>Modification de la notice l\u00e9gale<\/h3><p align=\"justify\">L&rsquo;IGR-IAE de Rennes, propri\u00e9taire et exploitant du site, se r\u00e9serve le droit de modifier la pr\u00e9sente notice \u00e0 tout moment. L&rsquo;utilisateur s&rsquo;engage donc \u00e0 la consulter r\u00e9guli\u00e8rement.<\/p><h3>Droit applicable<\/h3><p align=\"justify\">En cas de litige, le droit fran\u00e7ais est applicable. Il est fait attribution exclusive de juridiction aux tribunaux comp\u00e9tents de Rennes (France).<\/p>\t\t\t\t\t\t<\/div>\n\t\t\t\t<\/div>\n\t\t\t\t\t<\/div>\n\t\t<\/div>\n\t\t\t\t\t\t\t<\/div>\n\t\t<\/section>\n\t\t\t\t\t\t\t<\/div>\n\t\t","protected":false},"excerpt":{"rendered":"<p>Visas Loi n\u00b0 78-17 du 6 janvier 1978 modifi\u00e9e relative \u00e0 l&rsquo;informatique, aux fichiers et aux libert\u00e9s Loi n\u00b02004-575 du [&hellip;]<\/p>\n","protected":false},"author":7,"featured_media":0,"parent":0,"menu_order":0,"comment_status":"closed","ping_status":"closed","template":"elementor_header_footer","meta":{"footnotes":""},"yoast_head":"<!-- This site is optimized with the Yoast SEO plugin v21.1 - https:\/\/yoast.com\/wordpress\/plugins\/seo\/ -->\n<title>Mentions L\u00e9gales - IGR IAE Rennes<\/title>\n<meta name=\"robots\" content=\"index, follow, max-snippet:-1, max-image-preview:large, max-video-preview:-1\" \/>\n<link rel=\"canonical\" href=\"https:\/\/www.igr.univ-rennes.fr\/fr\/mentions-legales\/\" \/>\n<meta property=\"og:locale\" content=\"fr_FR\" \/>\n<meta property=\"og:type\" content=\"article\" \/>\n<meta property=\"og:title\" content=\"Mentions L\u00e9gales - IGR IAE Rennes\" \/>\n<meta property=\"og:description\" content=\"Visas Loi n\u00b0 78-17 du 6 janvier 1978 modifi\u00e9e relative \u00e0 l&rsquo;informatique, aux fichiers et aux libert\u00e9s Loi n\u00b02004-575 du [&hellip;]\" \/>\n<meta property=\"og:url\" content=\"https:\/\/www.igr.univ-rennes.fr\/fr\/mentions-legales\/\" \/>\n<meta property=\"og:site_name\" content=\"IGR IAE Rennes\" \/>\n<meta property=\"article:modified_time\" content=\"2020-06-23T15:09:19+00:00\" \/>\n<meta name=\"twitter:card\" content=\"summary_large_image\" \/>\n<meta name=\"twitter:label1\" content=\"Dur\u00e9e de lecture estim\u00e9e\" \/>\n\t<meta name=\"twitter:data1\" content=\"4 minutes\" \/>\n<script type=\"application\/ld+json\" class=\"yoast-schema-graph\">{\"@context\":\"https:\/\/schema.org\",\"@graph\":[{\"@type\":\"WebPage\",\"@id\":\"https:\/\/www.igr.univ-rennes.fr\/fr\/mentions-legales\/\",\"url\":\"https:\/\/www.igr.univ-rennes.fr\/fr\/mentions-legales\/\",\"name\":\"Mentions L\u00e9gales - IGR IAE Rennes\",\"isPartOf\":{\"@id\":\"https:\/\/www.igr.univ-rennes.fr\/fr\/#website\"},\"datePublished\":\"2019-10-30T08:37:12+00:00\",\"dateModified\":\"2020-06-23T15:09:19+00:00\",\"breadcrumb\":{\"@id\":\"https:\/\/www.igr.univ-rennes.fr\/fr\/mentions-legales\/#breadcrumb\"},\"inLanguage\":\"fr-FR\",\"potentialAction\":[{\"@type\":\"ReadAction\",\"target\":[\"https:\/\/www.igr.univ-rennes.fr\/fr\/mentions-legales\/\"]}]},{\"@type\":\"BreadcrumbList\",\"@id\":\"https:\/\/www.igr.univ-rennes.fr\/fr\/mentions-legales\/#breadcrumb\",\"itemListElement\":[{\"@type\":\"ListItem\",\"position\":1,\"name\":\"Accueil\",\"item\":\"https:\/\/www.igr.univ-rennes.fr\/fr\/\"},{\"@type\":\"ListItem\",\"position\":2,\"name\":\"Mentions L\u00e9gales\"}]},{\"@type\":\"WebSite\",\"@id\":\"https:\/\/www.igr.univ-rennes.fr\/fr\/#website\",\"url\":\"https:\/\/www.igr.univ-rennes.fr\/fr\/\",\"name\":\"IGR IAE Rennes\",\"description\":\"\",\"publisher\":{\"@id\":\"https:\/\/www.igr.univ-rennes.fr\/fr\/#organization\"},\"potentialAction\":[{\"@type\":\"SearchAction\",\"target\":{\"@type\":\"EntryPoint\",\"urlTemplate\":\"https:\/\/www.igr.univ-rennes.fr\/fr\/?s={search_term_string}\"},\"query-input\":\"required name=search_term_string\"}],\"inLanguage\":\"fr-FR\"},{\"@type\":\"Organization\",\"@id\":\"https:\/\/www.igr.univ-rennes.fr\/fr\/#organization\",\"name\":\"IGR IAE Rennes\",\"url\":\"https:\/\/www.igr.univ-rennes.fr\/fr\/\",\"logo\":{\"@type\":\"ImageObject\",\"inLanguage\":\"fr-FR\",\"@id\":\"https:\/\/www.igr.univ-rennes.fr\/fr\/#\/schema\/logo\/image\/\",\"url\":\"https:\/\/www.igr.univ-rennes.fr\/wp-content\/uploads\/2020\/06\/Logo-IGR-IAE-Rennes_Blanc-300dpi-RVB-e1597327228224.png\",\"contentUrl\":\"https:\/\/www.igr.univ-rennes.fr\/wp-content\/uploads\/2020\/06\/Logo-IGR-IAE-Rennes_Blanc-300dpi-RVB-e1597327228224.png\",\"width\":290,\"height\":107,\"caption\":\"IGR IAE Rennes\"},\"image\":{\"@id\":\"https:\/\/www.igr.univ-rennes.fr\/fr\/#\/schema\/logo\/image\/\"}}]}<\/script>\n<!-- \/ Yoast SEO plugin. -->","yoast_head_json":{"title":"Mentions L\u00e9gales - IGR IAE Rennes","robots":{"index":"index","follow":"follow","max-snippet":"max-snippet:-1","max-image-preview":"max-image-preview:large","max-video-preview":"max-video-preview:-1"},"canonical":"https:\/\/www.igr.univ-rennes.fr\/fr\/mentions-legales\/","og_locale":"fr_FR","og_type":"article","og_title":"Mentions L\u00e9gales - IGR IAE Rennes","og_description":"Visas Loi n\u00b0 78-17 du 6 janvier 1978 modifi\u00e9e relative \u00e0 l&rsquo;informatique, aux fichiers et aux libert\u00e9s Loi n\u00b02004-575 du [&hellip;]","og_url":"https:\/\/www.igr.univ-rennes.fr\/fr\/mentions-legales\/","og_site_name":"IGR IAE Rennes","article_modified_time":"2020-06-23T15:09:19+00:00","twitter_card":"summary_large_image","twitter_misc":{"Dur\u00e9e de lecture estim\u00e9e":"4 minutes"},"schema":{"@context":"https:\/\/schema.org","@graph":[{"@type":"WebPage","@id":"https:\/\/www.igr.univ-rennes.fr\/fr\/mentions-legales\/","url":"https:\/\/www.igr.univ-rennes.fr\/fr\/mentions-legales\/","name":"Mentions L\u00e9gales - IGR IAE Rennes","isPartOf":{"@id":"https:\/\/www.igr.univ-rennes.fr\/fr\/#website"},"datePublished":"2019-10-30T08:37:12+00:00","dateModified":"2020-06-23T15:09:19+00:00","breadcrumb":{"@id":"https:\/\/www.igr.univ-rennes.fr\/fr\/mentions-legales\/#breadcrumb"},"inLanguage":"fr-FR","potentialAction":[{"@type":"ReadAction","target":["https:\/\/www.igr.univ-rennes.fr\/fr\/mentions-legales\/"]}]},{"@type":"BreadcrumbList","@id":"https:\/\/www.igr.univ-rennes.fr\/fr\/mentions-legales\/#breadcrumb","itemListElement":[{"@type":"ListItem","position":1,"name":"Accueil","item":"https:\/\/www.igr.univ-rennes.fr\/fr\/"},{"@type":"ListItem","position":2,"name":"Mentions L\u00e9gales"}]},{"@type":"WebSite","@id":"https:\/\/www.igr.univ-rennes.fr\/fr\/#website","url":"https:\/\/www.igr.univ-rennes.fr\/fr\/","name":"IGR IAE Rennes","description":"","publisher":{"@id":"https:\/\/www.igr.univ-rennes.fr\/fr\/#organization"},"potentialAction":[{"@type":"SearchAction","target":{"@type":"EntryPoint","urlTemplate":"https:\/\/www.igr.univ-rennes.fr\/fr\/?s={search_term_string}"},"query-input":"required name=search_term_string"}],"inLanguage":"fr-FR"},{"@type":"Organization","@id":"https:\/\/www.igr.univ-rennes.fr\/fr\/#organization","name":"IGR IAE Rennes","url":"https:\/\/www.igr.univ-rennes.fr\/fr\/","logo":{"@type":"ImageObject","inLanguage":"fr-FR","@id":"https:\/\/www.igr.univ-rennes.fr\/fr\/#\/schema\/logo\/image\/","url":"https:\/\/www.igr.univ-rennes.fr\/wp-content\/uploads\/2020\/06\/Logo-IGR-IAE-Rennes_Blanc-300dpi-RVB-e1597327228224.png","contentUrl":"https:\/\/www.igr.univ-rennes.fr\/wp-content\/uploads\/2020\/06\/Logo-IGR-IAE-Rennes_Blanc-300dpi-RVB-e1597327228224.png","width":290,"height":107,"caption":"IGR IAE Rennes"},"image":{"@id":"https:\/\/www.igr.univ-rennes.fr\/fr\/#\/schema\/logo\/image\/"}}]}},"_links":{"self":[{"href":"https:\/\/www.igr.univ-rennes.fr\/fr\/wp-json\/wp\/v2\/pages\/11"}],"collection":[{"href":"https:\/\/www.igr.univ-rennes.fr\/fr\/wp-json\/wp\/v2\/pages"}],"about":[{"href":"https:\/\/www.igr.univ-rennes.fr\/fr\/wp-json\/wp\/v2\/types\/page"}],"author":[{"embeddable":true,"href":"https:\/\/www.igr.univ-rennes.fr\/fr\/wp-json\/wp\/v2\/users\/7"}],"replies":[{"embeddable":true,"href":"https:\/\/www.igr.univ-rennes.fr\/fr\/wp-json\/wp\/v2\/comments?post=11"}],"version-history":[{"count":7,"href":"https:\/\/www.igr.univ-rennes.fr\/fr\/wp-json\/wp\/v2\/pages\/11\/revisions"}],"predecessor-version":[{"id":237118,"href":"https:\/\/www.igr.univ-rennes.fr\/fr\/wp-json\/wp\/v2\/pages\/11\/revisions\/237118"}],"wp:attachment":[{"href":"https:\/\/www.igr.univ-rennes.fr\/fr\/wp-json\/wp\/v2\/media?parent=11"}],"curies":[{"name":"wp","href":"https:\/\/api.w.org\/{rel}","templated":true}]}}