{"id":27862,"date":"2020-09-01T15:06:02","date_gmt":"2020-09-01T13:06:02","guid":{"rendered":"http:\/\/igr.preprod.e-declic.net\/?page_id=27862"},"modified":"2023-02-06T15:32:53","modified_gmt":"2023-02-06T14:32:53","slug":"study-in-french","status":"publish","type":"page","link":"https:\/\/www.igr.univ-rennes.fr\/en\/study-in-french\/","title":{"rendered":"Study in French"},"content":{"rendered":"\t\t<div data-elementor-type=\"wp-page\" data-elementor-id=\"27862\" class=\"elementor elementor-27862\">\n\t\t\t\t\t\t\t\t\t<section class=\"elementor-section elementor-top-section elementor-element elementor-element-55567970 elementor-section-boxed elementor-section-height-default elementor-section-height-default\" data-id=\"55567970\" data-element_type=\"section\">\n\t\t\t\t\t\t<div class=\"elementor-container elementor-column-gap-default\">\n\t\t\t\t\t<div class=\"elementor-column elementor-col-100 elementor-top-column elementor-element elementor-element-60b106f4\" data-id=\"60b106f4\" data-element_type=\"column\">\n\t\t\t<div class=\"elementor-widget-wrap elementor-element-populated\">\n\t\t\t\t\t\t\t\t<div class=\"elementor-element elementor-element-121cb8b1 elementor-align-left elementor-widget elementor-widget-breadcrumbs\" data-id=\"121cb8b1\" data-element_type=\"widget\" data-widget_type=\"breadcrumbs.default\">\n\t\t\t\t<div class=\"elementor-widget-container\">\n\t\t\t<p id=\"breadcrumbs\"><span><span><a href=\"https:\/\/www.igr.univ-rennes.fr\/en\/\">Home<\/a><\/span><\/span><\/p>\t\t<\/div>\n\t\t\t\t<\/div>\n\t\t\t\t\t<\/div>\n\t\t<\/div>\n\t\t\t\t\t\t\t<\/div>\n\t\t<\/section>\n\t\t\t\t<section class=\"elementor-section elementor-top-section elementor-element elementor-element-10113a9 elementor-section-boxed elementor-section-height-default elementor-section-height-default\" data-id=\"10113a9\" data-element_type=\"section\" data-settings=\"{&quot;background_background&quot;:&quot;classic&quot;}\">\n\t\t\t\t\t\t<div class=\"elementor-container elementor-column-gap-default\">\n\t\t\t\t\t<div class=\"elementor-column elementor-col-100 elementor-top-column elementor-element elementor-element-2d3e5853\" data-id=\"2d3e5853\" data-element_type=\"column\">\n\t\t\t<div class=\"elementor-widget-wrap elementor-element-populated\">\n\t\t\t\t\t\t\t\t<div class=\"elementor-element elementor-element-408c8f61 elementor-widget elementor-widget-heading\" data-id=\"408c8f61\" data-element_type=\"widget\" data-widget_type=\"heading.default\">\n\t\t\t\t<div class=\"elementor-widget-container\">\n\t\t\t<h2 class=\"elementor-heading-title elementor-size-default\">Study in French<\/h2>\t\t<\/div>\n\t\t\t\t<\/div>\n\t\t\t\t\t<\/div>\n\t\t<\/div>\n\t\t\t\t\t\t\t<\/div>\n\t\t<\/section>\n\t\t\t\t<section class=\"elementor-section elementor-top-section elementor-element elementor-element-3d2e84cb elementor-section-height-min-height elementor-section-boxed elementor-section-height-default elementor-section-items-middle\" data-id=\"3d2e84cb\" data-element_type=\"section\" data-settings=\"{&quot;background_background&quot;:&quot;classic&quot;}\">\n\t\t\t\t\t\t\t<div class=\"elementor-background-overlay\"><\/div>\n\t\t\t\t\t\t\t<div class=\"elementor-container elementor-column-gap-default\">\n\t\t\t\t\t<div class=\"elementor-column elementor-col-100 elementor-top-column elementor-element elementor-element-684451fb\" data-id=\"684451fb\" data-element_type=\"column\">\n\t\t\t<div class=\"elementor-widget-wrap\">\n\t\t\t\t\t\t\t\t\t<\/div>\n\t\t<\/div>\n\t\t\t\t\t\t\t<\/div>\n\t\t<\/section>\n\t\t\t\t<section class=\"elementor-section elementor-top-section elementor-element elementor-element-617577dc elementor-section-height-min-height elementor-section-boxed elementor-section-height-default elementor-section-items-middle\" data-id=\"617577dc\" data-element_type=\"section\" data-settings=\"{&quot;background_background&quot;:&quot;classic&quot;}\">\n\t\t\t\t\t\t\t<div class=\"elementor-background-overlay\"><\/div>\n\t\t\t\t\t\t\t<div class=\"elementor-container elementor-column-gap-default\">\n\t\t\t\t\t<div class=\"elementor-column elementor-col-50 elementor-top-column elementor-element elementor-element-32fb7000\" data-id=\"32fb7000\" data-element_type=\"column\" data-settings=\"{&quot;background_background&quot;:&quot;classic&quot;}\">\n\t\t\t<div class=\"elementor-widget-wrap elementor-element-populated\">\n\t\t\t\t\t<div class=\"elementor-background-overlay\"><\/div>\n\t\t\t\t\t\t\t\t<div class=\"elementor-element elementor-element-3291f83c elementor-widget elementor-widget-heading\" data-id=\"3291f83c\" data-element_type=\"widget\" data-widget_type=\"heading.default\">\n\t\t\t\t<div class=\"elementor-widget-container\">\n\t\t\t<p class=\"elementor-heading-title elementor-size-default\">Les \u00e9tudiants \u00e9trangers ayant une bonne ma\u00eetrise du fran\u00e7ais (niveau minimum B2 en fran\u00e7ais) peuvent postuler aux programmes r\u00e9guliers de Licence  3 et de Master en fran\u00e7ais. Les \u00e9tudiants originaires des pays participant \u00e0 la proc\u00e9dure Etudes en France doivent postuler sur cette plateforme pour les formations dont le point d'entr\u00e9e est \"ouvert\". <\/p>\t\t<\/div>\n\t\t\t\t<\/div>\n\t\t\t\t\t<\/div>\n\t\t<\/div>\n\t\t\t\t<div class=\"elementor-column elementor-col-50 elementor-top-column elementor-element elementor-element-9611d6a\" data-id=\"9611d6a\" data-element_type=\"column\" data-settings=\"{&quot;background_background&quot;:&quot;classic&quot;}\">\n\t\t\t<div class=\"elementor-widget-wrap elementor-element-populated\">\n\t\t\t\t\t\t\t\t<div class=\"elementor-element elementor-element-f395e elementor-widget elementor-widget-image\" data-id=\"f395e\" data-element_type=\"widget\" data-widget_type=\"image.default\">\n\t\t\t\t<div class=\"elementor-widget-container\">\n\t\t\t\t\t\t\t\t\t\t\t\t\t\t\t<img decoding=\"async\" width=\"800\" height=\"567\" src=\"https:\/\/www.igr.univ-rennes.fr\/wp-content\/uploads\/2020\/09\/664A2652-1024x726.jpg\" class=\"attachment-large size-large wp-image-33505\" alt=\"\" srcset=\"https:\/\/www.igr.univ-rennes.fr\/wp-content\/uploads\/2020\/09\/664A2652-1024x726.jpg 1024w, https:\/\/www.igr.univ-rennes.fr\/wp-content\/uploads\/2020\/09\/664A2652-300x213.jpg 300w, https:\/\/www.igr.univ-rennes.fr\/wp-content\/uploads\/2020\/09\/664A2652-768x544.jpg 768w, https:\/\/www.igr.univ-rennes.fr\/wp-content\/uploads\/2020\/09\/664A2652-1536x1088.jpg 1536w, https:\/\/www.igr.univ-rennes.fr\/wp-content\/uploads\/2020\/09\/664A2652-2048x1451.jpg 2048w\" sizes=\"(max-width: 800px) 100vw, 800px\" \/>\t\t\t\t\t\t\t\t\t\t\t\t\t\t\t<\/div>\n\t\t\t\t<\/div>\n\t\t\t\t\t<\/div>\n\t\t<\/div>\n\t\t\t\t\t\t\t<\/div>\n\t\t<\/section>\n\t\t\t\t<section class=\"elementor-section elementor-top-section elementor-element elementor-element-b43c0d7 elementor-section-boxed elementor-section-height-default elementor-section-height-default\" data-id=\"b43c0d7\" data-element_type=\"section\">\n\t\t\t\t\t\t<div class=\"elementor-container elementor-column-gap-default\">\n\t\t\t\t\t<div class=\"elementor-column elementor-col-100 elementor-top-column elementor-element elementor-element-2af3b62\" data-id=\"2af3b62\" data-element_type=\"column\">\n\t\t\t<div class=\"elementor-widget-wrap elementor-element-populated\">\n\t\t\t\t\t\t\t\t<div class=\"elementor-element elementor-element-67e5dbf elementor-widget elementor-widget-text-editor\" data-id=\"67e5dbf\" data-element_type=\"widget\" data-widget_type=\"text-editor.default\">\n\t\t\t\t<div class=\"elementor-widget-container\">\n\t\t\t\t\t\t\t<p><span style=\"font-size: 14pt;\"><strong>Retrouvez ici les informations sur les programmes et la proc\u00e9dure de candidature :<\/strong><\/span><\/p>\t\t\t\t\t\t<\/div>\n\t\t\t\t<\/div>\n\t\t\t\t\t<\/div>\n\t\t<\/div>\n\t\t\t\t\t\t\t<\/div>\n\t\t<\/section>\n\t\t\t\t<section class=\"elementor-section elementor-top-section elementor-element elementor-element-1ea2a55 elementor-section-boxed elementor-section-height-default elementor-section-height-default\" data-id=\"1ea2a55\" data-element_type=\"section\">\n\t\t\t\t\t\t<div class=\"elementor-container elementor-column-gap-default\">\n\t\t\t\t\t<div class=\"elementor-column elementor-col-100 elementor-top-column elementor-element elementor-element-8f823b1\" data-id=\"8f823b1\" data-element_type=\"column\" data-settings=\"{&quot;background_background&quot;:&quot;classic&quot;}\">\n\t\t\t<div class=\"elementor-widget-wrap elementor-element-populated\">\n\t\t\t\t\t\t\t\t<div class=\"elementor-element elementor-element-21ae9b6 elementor-widget elementor-widget-html\" data-id=\"21ae9b6\" data-element_type=\"widget\" data-widget_type=\"html.default\">\n\t\t\t\t<div class=\"elementor-widget-container\">\n\t\t\t<center>\n<form action=\"\/fr\/formations\" method=\"POST\" id=\"filterFormationA\">\n    <input type=\"hidden\" name=\"niveaufilter\" id=\"niveaufilter\" value=\"37\"><\/input>\n    <input type=\"hidden\" name=\"typefilter\" id=\"typefilter\" value=\"44\"><\/input>\n    <button class=\"formation-btn\" type=\"submit\" formaction=\"\/fr\/formations\">D\u00e9couvrez toutes nos formations <\/button>\n<\/form>\n<\/center>\n<br \/><br \/>\t\t<\/div>\n\t\t\t\t<\/div>\n\t\t\t\t\t<\/div>\n\t\t<\/div>\n\t\t\t\t\t\t\t<\/div>\n\t\t<\/section>\n\t\t\t\t\t\t\t<\/div>\n\t\t","protected":false},"excerpt":{"rendered":"<p>Study in French Les \u00e9tudiants \u00e9trangers ayant une bonne ma\u00eetrise du fran\u00e7ais (niveau minimum B2 en fran\u00e7ais) peuvent postuler aux [&hellip;]<\/p>\n","protected":false},"author":10,"featured_media":0,"parent":0,"menu_order":0,"comment_status":"closed","ping_status":"closed","template":"","meta":{"footnotes":""},"yoast_head":"<!-- This site is optimized with the Yoast SEO plugin v21.1 - https:\/\/yoast.com\/wordpress\/plugins\/seo\/ -->\n<title>Study in French - IGR IAE Rennes<\/title>\n<meta name=\"robots\" content=\"index, follow, max-snippet:-1, max-image-preview:large, max-video-preview:-1\" \/>\n<link rel=\"canonical\" href=\"https:\/\/www.igr.univ-rennes.fr\/en\/study-in-french\/\" \/>\n<meta property=\"og:locale\" content=\"en_US\" \/>\n<meta property=\"og:type\" content=\"article\" \/>\n<meta property=\"og:title\" content=\"Study in French - IGR IAE Rennes\" \/>\n<meta property=\"og:description\" content=\"Study in French Les \u00e9tudiants \u00e9trangers ayant une bonne ma\u00eetrise du fran\u00e7ais (niveau minimum B2 en fran\u00e7ais) peuvent postuler aux [&hellip;]\" \/>\n<meta property=\"og:url\" content=\"https:\/\/www.igr.univ-rennes.fr\/en\/study-in-french\/\" \/>\n<meta property=\"og:site_name\" content=\"IGR IAE Rennes\" \/>\n<meta property=\"article:modified_time\" content=\"2023-02-06T14:32:53+00:00\" \/>\n<meta property=\"og:image\" content=\"https:\/\/www.igr.univ-rennes.fr\/wp-content\/uploads\/2020\/09\/664A2652-1024x726.jpg\" \/>\n<meta name=\"twitter:card\" content=\"summary_large_image\" \/>\n<meta name=\"twitter:label1\" content=\"Est. reading time\" \/>\n\t<meta name=\"twitter:data1\" content=\"1 minute\" \/>\n<script type=\"application\/ld+json\" class=\"yoast-schema-graph\">{\"@context\":\"https:\/\/schema.org\",\"@graph\":[{\"@type\":\"WebPage\",\"@id\":\"https:\/\/www.igr.univ-rennes.fr\/en\/study-in-french\/\",\"url\":\"https:\/\/www.igr.univ-rennes.fr\/en\/study-in-french\/\",\"name\":\"Study in French - IGR IAE Rennes\",\"isPartOf\":{\"@id\":\"https:\/\/www.igr.univ-rennes.fr\/en\/#website\"},\"datePublished\":\"2020-09-01T13:06:02+00:00\",\"dateModified\":\"2023-02-06T14:32:53+00:00\",\"breadcrumb\":{\"@id\":\"https:\/\/www.igr.univ-rennes.fr\/en\/study-in-french\/#breadcrumb\"},\"inLanguage\":\"en-US\",\"potentialAction\":[{\"@type\":\"ReadAction\",\"target\":[\"https:\/\/www.igr.univ-rennes.fr\/en\/study-in-french\/\"]}]},{\"@type\":\"BreadcrumbList\",\"@id\":\"https:\/\/www.igr.univ-rennes.fr\/en\/study-in-french\/#breadcrumb\",\"itemListElement\":[{\"@type\":\"ListItem\",\"position\":1,\"name\":\"Home\",\"item\":\"https:\/\/www.igr.univ-rennes.fr\/en\/\"},{\"@type\":\"ListItem\",\"position\":2,\"name\":\"Study in French\"}]},{\"@type\":\"WebSite\",\"@id\":\"https:\/\/www.igr.univ-rennes.fr\/en\/#website\",\"url\":\"https:\/\/www.igr.univ-rennes.fr\/en\/\",\"name\":\"IGR IAE Rennes\",\"description\":\"\",\"publisher\":{\"@id\":\"https:\/\/www.igr.univ-rennes.fr\/en\/#organization\"},\"potentialAction\":[{\"@type\":\"SearchAction\",\"target\":{\"@type\":\"EntryPoint\",\"urlTemplate\":\"https:\/\/www.igr.univ-rennes.fr\/en\/?s={search_term_string}\"},\"query-input\":\"required name=search_term_string\"}],\"inLanguage\":\"en-US\"},{\"@type\":\"Organization\",\"@id\":\"https:\/\/www.igr.univ-rennes.fr\/en\/#organization\",\"name\":\"IGR IAE Rennes\",\"url\":\"https:\/\/www.igr.univ-rennes.fr\/en\/\",\"logo\":{\"@type\":\"ImageObject\",\"inLanguage\":\"en-US\",\"@id\":\"https:\/\/www.igr.univ-rennes.fr\/en\/#\/schema\/logo\/image\/\",\"url\":\"https:\/\/www.igr.univ-rennes.fr\/wp-content\/uploads\/2020\/06\/Logo-IGR-IAE-Rennes_Blanc-300dpi-RVB-e1597327228224.png\",\"contentUrl\":\"https:\/\/www.igr.univ-rennes.fr\/wp-content\/uploads\/2020\/06\/Logo-IGR-IAE-Rennes_Blanc-300dpi-RVB-e1597327228224.png\",\"width\":290,\"height\":107,\"caption\":\"IGR IAE Rennes\"},\"image\":{\"@id\":\"https:\/\/www.igr.univ-rennes.fr\/en\/#\/schema\/logo\/image\/\"}}]}<\/script>\n<!-- \/ Yoast SEO plugin. -->","yoast_head_json":{"title":"Study in French - IGR IAE Rennes","robots":{"index":"index","follow":"follow","max-snippet":"max-snippet:-1","max-image-preview":"max-image-preview:large","max-video-preview":"max-video-preview:-1"},"canonical":"https:\/\/www.igr.univ-rennes.fr\/en\/study-in-french\/","og_locale":"en_US","og_type":"article","og_title":"Study in French - IGR IAE Rennes","og_description":"Study in French Les \u00e9tudiants \u00e9trangers ayant une bonne ma\u00eetrise du fran\u00e7ais (niveau minimum B2 en fran\u00e7ais) peuvent postuler aux [&hellip;]","og_url":"https:\/\/www.igr.univ-rennes.fr\/en\/study-in-french\/","og_site_name":"IGR IAE Rennes","article_modified_time":"2023-02-06T14:32:53+00:00","og_image":[{"url":"https:\/\/www.igr.univ-rennes.fr\/wp-content\/uploads\/2020\/09\/664A2652-1024x726.jpg"}],"twitter_card":"summary_large_image","twitter_misc":{"Est. reading time":"1 minute"},"schema":{"@context":"https:\/\/schema.org","@graph":[{"@type":"WebPage","@id":"https:\/\/www.igr.univ-rennes.fr\/en\/study-in-french\/","url":"https:\/\/www.igr.univ-rennes.fr\/en\/study-in-french\/","name":"Study in French - IGR IAE Rennes","isPartOf":{"@id":"https:\/\/www.igr.univ-rennes.fr\/en\/#website"},"datePublished":"2020-09-01T13:06:02+00:00","dateModified":"2023-02-06T14:32:53+00:00","breadcrumb":{"@id":"https:\/\/www.igr.univ-rennes.fr\/en\/study-in-french\/#breadcrumb"},"inLanguage":"en-US","potentialAction":[{"@type":"ReadAction","target":["https:\/\/www.igr.univ-rennes.fr\/en\/study-in-french\/"]}]},{"@type":"BreadcrumbList","@id":"https:\/\/www.igr.univ-rennes.fr\/en\/study-in-french\/#breadcrumb","itemListElement":[{"@type":"ListItem","position":1,"name":"Home","item":"https:\/\/www.igr.univ-rennes.fr\/en\/"},{"@type":"ListItem","position":2,"name":"Study in French"}]},{"@type":"WebSite","@id":"https:\/\/www.igr.univ-rennes.fr\/en\/#website","url":"https:\/\/www.igr.univ-rennes.fr\/en\/","name":"IGR IAE Rennes","description":"","publisher":{"@id":"https:\/\/www.igr.univ-rennes.fr\/en\/#organization"},"potentialAction":[{"@type":"SearchAction","target":{"@type":"EntryPoint","urlTemplate":"https:\/\/www.igr.univ-rennes.fr\/en\/?s={search_term_string}"},"query-input":"required name=search_term_string"}],"inLanguage":"en-US"},{"@type":"Organization","@id":"https:\/\/www.igr.univ-rennes.fr\/en\/#organization","name":"IGR IAE Rennes","url":"https:\/\/www.igr.univ-rennes.fr\/en\/","logo":{"@type":"ImageObject","inLanguage":"en-US","@id":"https:\/\/www.igr.univ-rennes.fr\/en\/#\/schema\/logo\/image\/","url":"https:\/\/www.igr.univ-rennes.fr\/wp-content\/uploads\/2020\/06\/Logo-IGR-IAE-Rennes_Blanc-300dpi-RVB-e1597327228224.png","contentUrl":"https:\/\/www.igr.univ-rennes.fr\/wp-content\/uploads\/2020\/06\/Logo-IGR-IAE-Rennes_Blanc-300dpi-RVB-e1597327228224.png","width":290,"height":107,"caption":"IGR IAE Rennes"},"image":{"@id":"https:\/\/www.igr.univ-rennes.fr\/en\/#\/schema\/logo\/image\/"}}]}},"_links":{"self":[{"href":"https:\/\/www.igr.univ-rennes.fr\/en\/wp-json\/wp\/v2\/pages\/27862"}],"collection":[{"href":"https:\/\/www.igr.univ-rennes.fr\/en\/wp-json\/wp\/v2\/pages"}],"about":[{"href":"https:\/\/www.igr.univ-rennes.fr\/en\/wp-json\/wp\/v2\/types\/page"}],"author":[{"embeddable":true,"href":"https:\/\/www.igr.univ-rennes.fr\/en\/wp-json\/wp\/v2\/users\/10"}],"replies":[{"embeddable":true,"href":"https:\/\/www.igr.univ-rennes.fr\/en\/wp-json\/wp\/v2\/comments?post=27862"}],"version-history":[{"count":17,"href":"https:\/\/www.igr.univ-rennes.fr\/en\/wp-json\/wp\/v2\/pages\/27862\/revisions"}],"predecessor-version":[{"id":266771,"href":"https:\/\/www.igr.univ-rennes.fr\/en\/wp-json\/wp\/v2\/pages\/27862\/revisions\/266771"}],"wp:attachment":[{"href":"https:\/\/www.igr.univ-rennes.fr\/en\/wp-json\/wp\/v2\/media?parent=27862"}],"curies":[{"name":"wp","href":"https:\/\/api.w.org\/{rel}","templated":true}]}}